{"id":1104,"date":"2024-07-13T22:55:09","date_gmt":"2024-07-13T22:55:09","guid":{"rendered":"https:\/\/laviemindful.com\/conferences-and-workshops\/"},"modified":"2024-10-22T20:01:36","modified_gmt":"2024-10-22T20:01:36","slug":"conferences-and-workshops","status":"publish","type":"page","link":"https:\/\/laviemindful.com\/en\/conferences-and-workshops\/","title":{"rendered":"Conferences and Workshops"},"content":{"rendered":"<p>[et_pb_section fb_built=&#8221;1&#8243; _builder_version=&#8221;4.24.2&#8243; _module_preset=&#8221;default&#8221; background_image=&#8221;https:\/\/laviemindful.com\/wp-content\/uploads\/2024\/07\/Photo5.jpg&#8221; global_colors_info=&#8221;{}&#8221;][et_pb_row _builder_version=&#8221;4.24.2&#8243; _module_preset=&#8221;default&#8221; custom_padding=&#8221;100px||100px||false|false&#8221; global_colors_info=&#8221;{}&#8221;][et_pb_column type=&#8221;4_4&#8243; _builder_version=&#8221;4.24.2&#8243; _module_preset=&#8221;default&#8221; global_colors_info=&#8221;{}&#8221;][et_pb_text _builder_version=&#8221;4.24.2&#8243; _module_preset=&#8221;default&#8221; global_colors_info=&#8221;{}&#8221;]<\/p>\n<p style=\"text-align: center;\"><span style=\"color: #092f9f;\">SERVICES<\/span><\/p>\n<h1 style=\"text-align: center;\"><\/h1>\n<h1 style=\"text-align: center;\">Conferences and Workshops<\/h1>\n<p>[\/et_pb_text][\/et_pb_column][\/et_pb_row][\/et_pb_section][et_pb_section fb_built=&#8221;1&#8243; _builder_version=&#8221;4.24.2&#8243; _module_preset=&#8221;default&#8221; custom_padding=&#8221;||3px|||&#8221; global_colors_info=&#8221;{}&#8221;][et_pb_row _builder_version=&#8221;4.27.0&#8243; _module_preset=&#8221;default&#8221; width=&#8221;60%&#8221; width_tablet=&#8221;80%&#8221; width_phone=&#8221;80%&#8221; width_last_edited=&#8221;on|phone&#8221; max_width=&#8221;60%&#8221; max_width_tablet=&#8221;80%&#8221; max_width_phone=&#8221;80%&#8221; max_width_last_edited=&#8221;on|desktop&#8221; global_colors_info=&#8221;{}&#8221;][et_pb_column type=&#8221;4_4&#8243; _builder_version=&#8221;4.24.2&#8243; _module_preset=&#8221;default&#8221; global_colors_info=&#8221;{}&#8221;][et_pb_text content_tablet=&#8221;<\/p>\n<div class=%22image-title-wrapper%22>\n<div class=%22image-title sqs-dynamic-text%22 data-width-percentage=%2246.7%22>\n<p class=%22%22><span style=%22font-size: x-large;%22><strong>Journ\u00e9e Grouille ou rouille 2024<\/strong><\/span><\/p>\n<\/div>\n<\/div>\n<div class=%22image-subtitle-wrapper%22>\n<div class=%22image-subtitle sqs-dynamic-text%22 data-width-percentage=%2246.7%22>\n<p class=%22%22>The Grouille ou rouille 2024 Wellness Day will take place on Thursday, May 9, 2024, and is organized by the <strong>F\u00e9d\u00e9ration des a\u00een\u00e9s de la francophonie manitobaine<\/strong>, an organization serving Francophones aged 50 and over in Manitoba.<\/p>\n<p class=%22%22>Join me for my workshop, %22Connecting with Yourself and Others.%22<\/p>\n<\/div>\n<\/div>\n<div class=%22image-button-wrapper%22>\n<div class=%22image-button sqs-dynamic-text%22 data-width-percentage=%2246.7%22><\/div>\n<\/div>\n<p>&#8221; content_phone=&#8221;<\/p>\n<div class=%22image-title-wrapper%22>\n<div class=%22image-title sqs-dynamic-text%22 data-width-percentage=%2246.7%22>\n<p class=%22%22><span style=%22font-size: x-large;%22><strong>Journ\u00e9e Grouille ou rouille 2024<\/strong><\/span><\/p>\n<p class=%22%22><span style=%22font-size: x-large;%22><strong><\/strong><\/span><\/p>\n<p class=%22%22><span style=%22font-size: x-large;%22><strong><\/strong><\/span><\/p>\n<\/div>\n<\/div>\n<div class=%22image-subtitle-wrapper%22>\n<div class=%22image-subtitle sqs-dynamic-text%22 data-width-percentage=%2246.7%22>\n<p class=%22%22>The Grouille ou rouille 2024 Wellness Day will take place on Thursday, May 9, 2024, and is organized by the <strong>F\u00e9d\u00e9ration des a\u00een\u00e9s de la francophonie manitobaine<\/strong>, an organization serving Francophones aged 50 and over in Manitoba.<\/p>\n<p class=%22%22>Join me for my workshop, %22Connecting with Yourself and Others.%22<\/p>\n<\/div>\n<\/div>\n<div class=%22image-button-wrapper%22>\n<div class=%22image-button sqs-dynamic-text%22 data-width-percentage=%2246.7%22><\/div>\n<\/div>\n<p>&#8221; content_last_edited=&#8221;off|desktop&#8221; _builder_version=&#8221;4.27.2&#8243; _module_preset=&#8221;default&#8221; hover_enabled=&#8221;0&#8243; global_colors_info=&#8221;{}&#8221; sticky_enabled=&#8221;0&#8243;]<\/p>\n<div class=\"image-title-wrapper\">\n<div class=\"image-title sqs-dynamic-text\" data-width-percentage=\"46.7\">\n<h4><span style=\"font-size: x-large;\">DSFM Annual Conference<\/span><\/h4>\n<\/div>\n<\/div>\n<div class=\"image-subtitle-wrapper\">\n<div class=\"image-subtitle sqs-dynamic-text\" data-width-percentage=\"46.7\">\n<p class=\"\"><span>The DSFM Annual Conference is presented to DSFM school and divisional staff and is being held on November 8, 2024. <\/span>Come and participate in my workshop \u201cCultivating mindfulness in everyday life\u201d.<\/p>\n<\/div>\n<\/div>\n<div class=\"image-button-wrapper\">\n<div class=\"image-button sqs-dynamic-text\" data-width-percentage=\"46.7\"><\/div>\n<\/div>\n<p>[\/et_pb_text][\/et_pb_column][\/et_pb_row][et_pb_row _builder_version=&#8221;4.27.0&#8243; _module_preset=&#8221;default&#8221; width=&#8221;40%&#8221; width_tablet=&#8221;70%&#8221; width_phone=&#8221;90%&#8221; width_last_edited=&#8221;on|phone&#8221; max_width=&#8221;40%&#8221; max_width_tablet=&#8221;70%&#8221; max_width_phone=&#8221;90%&#8221; max_width_last_edited=&#8221;on|tablet&#8221; custom_padding=&#8221;50px|||||&#8221; global_colors_info=&#8221;{}&#8221;][et_pb_column type=&#8221;4_4&#8243; _builder_version=&#8221;4.24.2&#8243; _module_preset=&#8221;default&#8221; global_colors_info=&#8221;{}&#8221;][et_pb_image src=&#8221;https:\/\/laviemindful.com\/wp-content\/uploads\/2024\/10\/Conference-Bernice-DSFM.png&#8221; title_text=&#8221;Conference-Bernice-DSFM&#8221; url=&#8221;https:\/\/www.dsfm.mb.ca\/actu\/quoi_de_neuf_\/la_dsfm_fete_ses_30ans&#8221; align=&#8221;center&#8221; _builder_version=&#8221;4.27.2&#8243; _module_preset=&#8221;default&#8221; hover_enabled=&#8221;0&#8243; border_width_all=&#8221;1px&#8221; border_color_all=&#8221;#E6EBEC&#8221; global_colors_info=&#8221;{}&#8221; sticky_enabled=&#8221;0&#8243;][\/et_pb_image][\/et_pb_column][\/et_pb_row][et_pb_row custom_padding_last_edited=&#8221;off|tablet&#8221; _builder_version=&#8221;4.27.0&#8243; _module_preset=&#8221;default&#8221; custom_margin_phone=&#8221;60px||||false|false&#8221; custom_margin_last_edited=&#8221;off|tablet&#8221; custom_padding_tablet=&#8221;|50px||50px|false|false&#8221; custom_padding_phone=&#8221;|0px||0px|false|false&#8221; global_colors_info=&#8221;{}&#8221;][et_pb_column type=&#8221;4_4&#8243; _builder_version=&#8221;4.24.2&#8243; _module_preset=&#8221;default&#8221; global_colors_info=&#8221;{}&#8221;][et_pb_button button_url=&#8221;https:\/\/www.dsfm.mb.ca\/actu\/quoi_de_neuf_\/la_dsfm_fete_ses_30ans&#8221; button_text=&#8221;LEARN MORE&#8221; _builder_version=&#8221;4.27.2&#8243; _module_preset=&#8221;default&#8221; hover_enabled=&#8221;0&#8243; global_colors_info=&#8221;{}&#8221; sticky_enabled=&#8221;0&#8243;][\/et_pb_button][et_pb_divider color=&#8221;#73BAB9&#8243; _builder_version=&#8221;4.27.0&#8243; _module_preset=&#8221;default&#8221; global_colors_info=&#8221;{}&#8221;][\/et_pb_divider][\/et_pb_column][\/et_pb_row][\/et_pb_section][et_pb_section fb_built=&#8221;1&#8243; _builder_version=&#8221;4.24.2&#8243; _module_preset=&#8221;default&#8221; custom_padding=&#8221;4px||3px|||&#8221; global_colors_info=&#8221;{}&#8221;][et_pb_row _builder_version=&#8221;4.27.0&#8243; _module_preset=&#8221;default&#8221; width=&#8221;60%&#8221; width_tablet=&#8221;80%&#8221; width_phone=&#8221;80%&#8221; width_last_edited=&#8221;on|phone&#8221; max_width=&#8221;60%&#8221; max_width_tablet=&#8221;80%&#8221; max_width_phone=&#8221;80%&#8221; max_width_last_edited=&#8221;on|desktop&#8221; global_colors_info=&#8221;{}&#8221;][et_pb_column type=&#8221;4_4&#8243; _builder_version=&#8221;4.24.2&#8243; _module_preset=&#8221;default&#8221; global_colors_info=&#8221;{}&#8221;][et_pb_text content_tablet=&#8221;<\/p>\n<div class=%22image-title-wrapper%22>\n<div class=%22image-title sqs-dynamic-text%22 data-width-percentage=%2246.7%22>\n<p class=%22%22><span style=%22font-size: x-large;%22><strong>Journ\u00e9e Grouille ou rouille 2024<\/strong><\/span><\/p>\n<\/div>\n<\/div>\n<div class=%22image-subtitle-wrapper%22>\n<div class=%22image-subtitle sqs-dynamic-text%22 data-width-percentage=%2246.7%22>\n<p class=%22%22>The Grouille ou rouille 2024 Wellness Day will take place on Thursday, May 9, 2024, and is organized by the <strong>F\u00e9d\u00e9ration des a\u00een\u00e9s de la francophonie manitobaine<\/strong>, an organization serving Francophones aged 50 and over in Manitoba.<\/p>\n<p class=%22%22>Join me for my workshop, %22Connecting with Yourself and Others.%22<\/p>\n<\/div>\n<\/div>\n<div class=%22image-button-wrapper%22>\n<div class=%22image-button sqs-dynamic-text%22 data-width-percentage=%2246.7%22><\/div>\n<\/div>\n<p>&#8221; content_phone=&#8221;<\/p>\n<div class=%22image-title-wrapper%22>\n<div class=%22image-title sqs-dynamic-text%22 data-width-percentage=%2246.7%22>\n<p class=%22%22><span style=%22font-size: x-large;%22><strong>Journ\u00e9e Grouille ou rouille 2024<\/strong><\/span><\/p>\n<p class=%22%22><span style=%22font-size: x-large;%22><strong><\/strong><\/span><\/p>\n<p class=%22%22><span style=%22font-size: x-large;%22><strong><\/strong><\/span><\/p>\n<\/div>\n<\/div>\n<div class=%22image-subtitle-wrapper%22>\n<div class=%22image-subtitle sqs-dynamic-text%22 data-width-percentage=%2246.7%22>\n<p class=%22%22>The Grouille ou rouille 2024 Wellness Day will take place on Thursday, May 9, 2024, and is organized by the <strong>F\u00e9d\u00e9ration des a\u00een\u00e9s de la francophonie manitobaine<\/strong>, an organization serving Francophones aged 50 and over in Manitoba.<\/p>\n<p class=%22%22>Join me for my workshop, %22Connecting with Yourself and Others.%22<\/p>\n<\/div>\n<\/div>\n<div class=%22image-button-wrapper%22>\n<div class=%22image-button sqs-dynamic-text%22 data-width-percentage=%2246.7%22><\/div>\n<\/div>\n<p>&#8221; content_last_edited=&#8221;off|desktop&#8221; _builder_version=&#8221;4.27.2&#8243; _module_preset=&#8221;default&#8221; hover_enabled=&#8221;0&#8243; global_colors_info=&#8221;{}&#8221; sticky_enabled=&#8221;0&#8243;]<\/p>\n<div class=\"image-title-wrapper\">\n<div class=\"image-title sqs-dynamic-text\" data-width-percentage=\"46.7\">\n<h4><span style=\"font-size: x-large;\">2024 Conferences<\/span><\/h4>\n<\/div>\n<\/div>\n<div class=\"image-subtitle-wrapper\">\n<div class=\"image-subtitle sqs-dynamic-text\" data-width-percentage=\"46.7\">\n<p class=\"\">Bernice is pleased to have been a guest speaker at the following events in 2024. Thank you for your participation! <\/p>\n<ul>\n<li>Grouille ou Rouille &#8211; Se connecter avec soi et les autres<\/li>\n<li>Congr\u00e8s national de l&#8217;Association catholique manitobaine de la sant\u00e9 &#8211; Atelier de la pleine conscience<\/li>\n<\/ul>\n<\/div>\n<\/div>\n<p>[\/et_pb_text][\/et_pb_column][\/et_pb_row][\/et_pb_section][et_pb_section fb_built=&#8221;1&#8243; _builder_version=&#8221;4.24.2&#8243; _module_preset=&#8221;default&#8221; custom_padding=&#8221;3px|||||&#8221; global_colors_info=&#8221;{}&#8221;][\/et_pb_section]<\/p>\n","protected":false},"excerpt":{"rendered":"<p>SERVICES Conferences and Workshops DSFM Annual Conference The DSFM Annual Conference is presented to DSFM school and divisional staff and is being held on November 8, 2024. Come and participate in my workshop \u201cCultivating mindfulness in everyday life\u201d. 2024 Conferences Bernice is pleased to have been a guest speaker at the following events in 2024. [&hellip;]<\/p>\n","protected":false},"author":4,"featured_media":0,"parent":0,"menu_order":0,"comment_status":"closed","ping_status":"closed","template":"","meta":{"_et_pb_use_builder":"on","_et_pb_old_content":"","_et_gb_content_width":"","prwc_products":"","prwc_not_all_products_required":false,"prwc_not_bought_page":"","prwc_redirect_not_bought":false,"prwc_not_logged_in_page":"","prwc_redirect_not_logged_in":false,"prwc_timeout_days":0,"prwc_timeout_hours":0,"prwc_timeout_minutes":0,"prwc_timeout_seconds":0,"prwc_timeout_views":0,"footnotes":""},"class_list":["post-1104","page","type-page","status-publish","hentry"],"_links":{"self":[{"href":"https:\/\/laviemindful.com\/en\/wp-json\/wp\/v2\/pages\/1104","targetHints":{"allow":["GET"]}}],"collection":[{"href":"https:\/\/laviemindful.com\/en\/wp-json\/wp\/v2\/pages"}],"about":[{"href":"https:\/\/laviemindful.com\/en\/wp-json\/wp\/v2\/types\/page"}],"author":[{"embeddable":true,"href":"https:\/\/laviemindful.com\/en\/wp-json\/wp\/v2\/users\/4"}],"replies":[{"embeddable":true,"href":"https:\/\/laviemindful.com\/en\/wp-json\/wp\/v2\/comments?post=1104"}],"version-history":[{"count":0,"href":"https:\/\/laviemindful.com\/en\/wp-json\/wp\/v2\/pages\/1104\/revisions"}],"wp:attachment":[{"href":"https:\/\/laviemindful.com\/en\/wp-json\/wp\/v2\/media?parent=1104"}],"curies":[{"name":"wp","href":"https:\/\/api.w.org\/{rel}","templated":true}]}}