{"id":1142,"date":"2024-07-13T22:30:07","date_gmt":"2024-07-13T22:30:07","guid":{"rendered":"https:\/\/laviemindful.com\/in-the-press\/"},"modified":"2025-04-01T13:01:59","modified_gmt":"2025-04-01T13:01:59","slug":"in-the-press","status":"publish","type":"page","link":"https:\/\/laviemindful.com\/en\/in-the-press\/","title":{"rendered":"In the Press"},"content":{"rendered":"<p>[et_pb_section fb_built=&#8221;1&#8243; _builder_version=&#8221;4.24.2&#8243; _module_preset=&#8221;default&#8221; background_image=&#8221;https:\/\/laviemindful.com\/wp-content\/uploads\/2024\/07\/Photo14.png&#8221; global_colors_info=&#8221;{}&#8221;][et_pb_row _builder_version=&#8221;4.24.2&#8243; _module_preset=&#8221;default&#8221; custom_padding=&#8221;100px||100px|||&#8221; global_colors_info=&#8221;{}&#8221;][et_pb_column type=&#8221;4_4&#8243; _builder_version=&#8221;4.24.2&#8243; _module_preset=&#8221;default&#8221; global_colors_info=&#8221;{}&#8221;][et_pb_text _builder_version=&#8221;4.24.2&#8243; _module_preset=&#8221;default&#8221; global_colors_info=&#8221;{}&#8221;]<\/p>\n<p style=\"text-align: center;\"><span style=\"color: #092f9f;\">IN THE PRESS<\/span><\/p>\n<p style=\"text-align: center;\">\n<h1 style=\"text-align: center;\">Bernice Parent<\/h1>\n<p>[\/et_pb_text][\/et_pb_column][\/et_pb_row][\/et_pb_section][et_pb_section fb_built=&#8221;1&#8243; _builder_version=&#8221;4.24.2&#8243; _module_preset=&#8221;default&#8221; global_colors_info=&#8221;{}&#8221;][et_pb_row column_structure=&#8221;1_5,1_5,1_5,1_5,1_5&#8243; use_custom_gutter=&#8221;on&#8221; make_equal=&#8221;on&#8221; _builder_version=&#8221;4.27.0&#8243; _module_preset=&#8221;default&#8221; global_colors_info=&#8221;{}&#8221;][et_pb_column type=&#8221;1_5&#8243; _builder_version=&#8221;4.27.0&#8243; _module_preset=&#8221;default&#8221; background_color=&#8221;#f4ffff&#8221; custom_padding=&#8221;20px|20px|20px|20px|true|true&#8221; border_radii=&#8221;on|20px|20px|20px|20px&#8221; global_colors_info=&#8221;{}&#8221;][et_pb_blurb title=&#8221;La Libert\u00e9&#8221; url=&#8221;@ET-DC@eyJkeW5hbWljIjp0cnVlLCJjb250ZW50IjoicG9zdF9saW5rX3VybF9hdHRhY2htZW50Iiwic2V0dGluZ3MiOnsicG9zdF9pZCI6IjE1MzUifX0=@&#8221; _builder_version=&#8221;4.27.4&#8243; _module_preset=&#8221;default&#8221; header_font=&#8221;&#8211;et_global_body_font|700||on|||||&#8221; header_text_color=&#8221;#092F9F&#8221; header_font_size=&#8221;24px&#8221; image_icon_custom_margin_last_edited=&#8221;off|phone&#8221; link_option_url=&#8221;@ET-DC@eyJkeW5hbWljIjp0cnVlLCJjb250ZW50IjoicG9zdF9saW5rX3VybF9hdHRhY2htZW50Iiwic2V0dGluZ3MiOnsicG9zdF9pZCI6IjE1MzUifX0=@&#8221; hover_enabled=&#8221;0&#8243; global_colors_info=&#8221;{}&#8221; sticky_enabled=&#8221;0&#8243; _dynamic_attributes=&#8221;url,link_option_url&#8221; title_text=&#8221;2024-12-Bernice-Parent-Vivre-le-temps-des-Fetes-en-pleine-conscience&#8221; image=&#8221;https:\/\/laviemindful.com\/wp-content\/uploads\/2025\/04\/2024-12-Bernice-Parent-Vivre-le-temps-des-Fetes-en-pleine-conscience.png&#8221; content_max_width_last_edited=&#8221;on|tablet&#8221; content_max_width=&#8221;170px&#8221; border_color_all=&#8221;#E6EBEC&#8221; border_width_all_image=&#8221;1px&#8221; border_color_all_image=&#8221;#E6EBEC&#8221; url_new_window=&#8221;on&#8221; link_option_url_new_window=&#8221;on&#8221; content_max_width_tablet=&#8221;170px&#8221; content_max_width_phone=&#8221;170px&#8221;]<\/p>\n<p>December 18, 2024 &#8211; Vivre le temps des F\u00eates en pleine conscience<\/p>\n<p>[\/et_pb_blurb][\/et_pb_column][et_pb_column type=&#8221;1_5&#8243; _builder_version=&#8221;4.27.0&#8243; _module_preset=&#8221;default&#8221; background_color=&#8221;#f4ffff&#8221; custom_padding=&#8221;20px|20px|20px|20px|true|true&#8221; border_radii=&#8221;on|20px|20px|20px|20px&#8221; global_colors_info=&#8221;{}&#8221;][et_pb_blurb title=&#8221;ENVOL 91 FM&#8221; url=&#8221;https:\/\/soundcloud.com\/envol-91\/bernice-parent-la-vie-en-pleine-conscience-la-vie-nous-joue-des-tours-27-juin-2024&#8243; image=&#8221;https:\/\/laviemindful.com\/wp-content\/uploads\/2024\/10\/Bernice-Parent-envol-91-fm.png&#8221; image_icon_width=&#8221;80%&#8221; _builder_version=&#8221;4.27.4&#8243; _module_preset=&#8221;default&#8221; header_font=&#8221;&#8211;et_global_body_font|700||on|||||&#8221; header_text_color=&#8221;#092F9F&#8221; header_font_size=&#8221;24px&#8221; link_option_url=&#8221;https:\/\/soundcloud.com\/envol-91\/bernice-parent-la-vie-en-pleine-conscience-la-vie-nous-joue-des-tours-27-juin-2024&#8243; hover_enabled=&#8221;0&#8243; global_colors_info=&#8221;{}&#8221; sticky_enabled=&#8221;0&#8243;]<\/p>\n<p><span>June 17, 2024 &#8211; La vie en pleine conscience &#8211; la vie nous joue des tours<\/span><\/p>\n<p>[\/et_pb_blurb][\/et_pb_column][et_pb_column type=&#8221;1_5&#8243; _builder_version=&#8221;4.27.0&#8243; _module_preset=&#8221;default&#8221; background_color=&#8221;#f4ffff&#8221; custom_padding=&#8221;20px|20px|20px|20px|true|true&#8221; border_radii=&#8221;on|20px|20px|20px|20px&#8221; global_colors_info=&#8221;{}&#8221;][et_pb_blurb title=&#8221;ENVOL 91 FM&#8221; url=&#8221;https:\/\/soundcloud.com\/envol-91\/bernice-parent-la-vie-en-pleine-conscience-ta-vie-recieuse-13-juin-2024&#8243; image=&#8221;https:\/\/laviemindful.com\/wp-content\/uploads\/2024\/10\/Bernice-Parent-envol-91-fm.png&#8221; image_icon_width=&#8221;80%&#8221; _builder_version=&#8221;4.27.4&#8243; _module_preset=&#8221;default&#8221; header_font=&#8221;&#8211;et_global_body_font|700||on|||||&#8221; header_text_color=&#8221;#092F9F&#8221; header_font_size=&#8221;24px&#8221; link_option_url=&#8221;https:\/\/soundcloud.com\/envol-91\/bernice-parent-la-vie-en-pleine-conscience-ta-vie-recieuse-13-juin-2024&#8243; hover_enabled=&#8221;0&#8243; global_colors_info=&#8221;{}&#8221; sticky_enabled=&#8221;0&#8243;]<\/p>\n<p>June 13, 2024 &#8211; La vie en pleine conscience &#8211; ta vie pr\u00e9cieuse<\/p>\n<p>[\/et_pb_blurb][\/et_pb_column][et_pb_column type=&#8221;1_5&#8243; _builder_version=&#8221;4.27.0&#8243; _module_preset=&#8221;default&#8221; background_color=&#8221;#f4ffff&#8221; custom_padding=&#8221;20px|20px|20px|20px|true|true&#8221; border_radii=&#8221;on|20px|20px|20px|20px&#8221; global_colors_info=&#8221;{}&#8221;][et_pb_blurb title=&#8221;Radio Pleine conscience&#8221; url=&#8221;https:\/\/radiopleineconscience.com\/la-retraite-en-pleine-conscience\/?utm_source=rss&#038;utm_medium=rss&#038;utm_campaign=la-retraite-en-pleine-conscience&#8221; use_icon=&#8221;on&#8221; font_icon=&#8221;&#xf3c9;||fa||900&#8243; image_icon_width=&#8221;100px&#8221; _builder_version=&#8221;4.27.4&#8243; _module_preset=&#8221;default&#8221; header_font=&#8221;&#8211;et_global_body_font|700||on|||||&#8221; header_text_color=&#8221;#092F9F&#8221; header_font_size=&#8221;24px&#8221; image_icon_custom_margin=&#8221;45px||45px||true|false&#8221; link_option_url=&#8221;https:\/\/radiopleineconscience.com\/la-retraite-en-pleine-conscience\/?utm_source=rss&#038;utm_medium=rss&#038;utm_campaign=la-retraite-en-pleine-conscience&#8221; hover_enabled=&#8221;0&#8243; global_colors_info=&#8221;{}&#8221; sticky_enabled=&#8221;0&#8243;]<\/p>\n<p>April 23, 2021 &#8211; La retraite en pleine conscience<\/p>\n<p>[\/et_pb_blurb][\/et_pb_column][et_pb_column type=&#8221;1_5&#8243; _builder_version=&#8221;4.27.0&#8243; _module_preset=&#8221;default&#8221; background_color=&#8221;#f4ffff&#8221; custom_padding=&#8221;20px|20px|20px|20px|true|true&#8221; border_radii=&#8221;on|20px|20px|20px|20px&#8221; global_colors_info=&#8221;{}&#8221;][et_pb_blurb title=&#8221;La Libert\u00e9 \/ Winnipeg Free Press&#8221; url=&#8221;@ET-DC@eyJkeW5hbWljIjp0cnVlLCJjb250ZW50IjoicG9zdF9saW5rX3VybF9hdHRhY2htZW50Iiwic2V0dGluZ3MiOnsicG9zdF9pZCI6IjE1MzcifX0=@&#8221; _builder_version=&#8221;4.27.4&#8243; _module_preset=&#8221;default&#8221; header_font=&#8221;&#8211;et_global_body_font|700||on|||||&#8221; header_text_color=&#8221;#092F9F&#8221; header_font_size=&#8221;24px&#8221; image_icon_custom_margin_last_edited=&#8221;off|phone&#8221; link_option_url=&#8221;@ET-DC@eyJkeW5hbWljIjp0cnVlLCJjb250ZW50IjoicG9zdF9saW5rX3VybF9hdHRhY2htZW50Iiwic2V0dGluZ3MiOnsicG9zdF9pZCI6IjE1MzcifX0=@&#8221; hover_enabled=&#8221;0&#8243; global_colors_info=&#8221;{}&#8221; sticky_enabled=&#8221;0&#8243; _dynamic_attributes=&#8221;url,link_option_url&#8221; title_text=&#8221;2027-12-Bernice-Parent-maitre-benevole-en-action&#8221; image=&#8221;https:\/\/laviemindful.com\/wp-content\/uploads\/2025\/04\/2027-12-Bernice-Parent-maitre-benevole-en-action.png&#8221; content_max_width_last_edited=&#8221;on|tablet&#8221; content_max_width=&#8221;170px&#8221; url_new_window=&#8221;on&#8221; link_option_url_new_window=&#8221;on&#8221; border_width_all_image=&#8221;1px&#8221; border_color_all_image=&#8221;#E6EBEC&#8221; content_max_width_tablet=&#8221;170px&#8221; content_max_width_phone=&#8221;170px&#8221;]<\/p>\n<p>April 12, 2017 &#8211; Bernice Parent, ma\u00eetre-b\u00e9n\u00e9vole en action<\/p>\n<p>[\/et_pb_blurb][\/et_pb_column][\/et_pb_row][et_pb_row column_structure=&#8221;3_5,2_5&#8243; _builder_version=&#8221;4.24.2&#8243; _module_preset=&#8221;default&#8221; global_colors_info=&#8221;{}&#8221;][et_pb_column type=&#8221;3_5&#8243; _builder_version=&#8221;4.24.2&#8243; _module_preset=&#8221;default&#8221; global_colors_info=&#8221;{}&#8221;][et_pb_text _builder_version=&#8221;4.27.4&#8243; _module_preset=&#8221;default&#8221; hover_enabled=&#8221;0&#8243; global_colors_info=&#8221;{}&#8221; sticky_enabled=&#8221;0&#8243;]<\/p>\n<h4>Jamais trop tard Podcast<\/h4>\n<p>Podcast by the F\u00e9d\u00e9ration des a\u00een\u00e9s de la francophonie manitobaine, hosted by Jean Fontaine<\/p>\n<p>Interview with Bernice Parent, certified yoga and mindfulness facilitator. This spring, she&#8217;s offering a gentle yoga class every Tuesday at 10 a.m. via Zoom with Conseil 55 +. Bernice will also be speaking at Grouille ou rouille, on May 9, at the Centre Dakota. She answers Jean Fontaine&#8217;s questions.<\/p>\n<p>[\/et_pb_text][et_pb_button button_url=&#8221;https:\/\/fafm.mb.ca\/jamais-trop-tard\/jamais-trop-tard-11-avril-2024\/&#8221; button_text=&#8221;Listen to the episode (in French only)&#8221; button_alignment_tablet=&#8221;left&#8221; button_alignment_phone=&#8221;center&#8221; button_alignment_last_edited=&#8221;on|phone&#8221; _builder_version=&#8221;4.27.0&#8243; _module_preset=&#8221;default&#8221; button_border_radius=&#8221;4px&#8221; custom_padding=&#8221;|50px||50px|false|false&#8221; global_colors_info=&#8221;{}&#8221;][\/et_pb_button][\/et_pb_column][et_pb_column type=&#8221;2_5&#8243; _builder_version=&#8221;4.24.2&#8243; _module_preset=&#8221;default&#8221; global_colors_info=&#8221;{}&#8221;][et_pb_image src=&#8221;https:\/\/laviemindful.com\/wp-content\/uploads\/2024\/07\/JTT-episide.png&#8221; title_text=&#8221;JTT-episide&#8221; url=&#8221;https:\/\/fafm.mb.ca\/jamais-trop-tard\/jamais-trop-tard-11-avril-2024\/&#8221; _builder_version=&#8221;4.27.0&#8243; _module_preset=&#8221;default&#8221; global_colors_info=&#8221;{}&#8221;][\/et_pb_image][\/et_pb_column][\/et_pb_row][\/et_pb_section][et_pb_section fb_built=&#8221;1&#8243; _builder_version=&#8221;4.27.0&#8243; _module_preset=&#8221;default&#8221; background_color=&#8221;#f4ffff&#8221; global_colors_info=&#8221;{}&#8221;][et_pb_row column_structure=&#8221;3_5,2_5&#8243; _builder_version=&#8221;4.24.2&#8243; _module_preset=&#8221;default&#8221; global_colors_info=&#8221;{}&#8221;][et_pb_column type=&#8221;3_5&#8243; _builder_version=&#8221;4.24.2&#8243; _module_preset=&#8221;default&#8221; global_colors_info=&#8221;{}&#8221;][et_pb_text _builder_version=&#8221;4.27.0&#8243; _module_preset=&#8221;default&#8221; global_colors_info=&#8221;{}&#8221;]<\/p>\n<h4>Radio Pleine conscience Podcast<\/h4>\n<p>hosted by Roxane St-Gelais<\/p>\n<p>We spoke with Bernice about a very important, but unfortunately all too often neglected, topic: preparing for retirement. And to be more precise, preparing for retirement with mindfulness. <\/p>\n<p>[\/et_pb_text][et_pb_button button_url=&#8221;https:\/\/radiopleineconscience.com\/la-retraite-en-pleine-conscience\/&#8221; button_text=&#8221;Listen to the episode (in French only)&#8221; button_alignment_tablet=&#8221;left&#8221; button_alignment_phone=&#8221;center&#8221; button_alignment_last_edited=&#8221;on|tablet&#8221; _builder_version=&#8221;4.27.0&#8243; _module_preset=&#8221;default&#8221; button_border_radius=&#8221;4px&#8221; custom_padding=&#8221;|50px||50px|false|false&#8221; global_colors_info=&#8221;{}&#8221;][\/et_pb_button][\/et_pb_column][et_pb_column type=&#8221;2_5&#8243; _builder_version=&#8221;4.24.2&#8243; _module_preset=&#8221;default&#8221; global_colors_info=&#8221;{}&#8221;][et_pb_image src=&#8221;https:\/\/laviemindful.com\/wp-content\/uploads\/2024\/07\/CapturedE28099eCC81cran2Cle2024-04-11aCC8010.19.20.png&#8221; title_text=&#8221;Capture+decran+le+2024-04-11+a+10.19.20&#8243; url=&#8221;https:\/\/radiopleineconscience.com\/la-retraite-en-pleine-conscience\/&#8221; _builder_version=&#8221;4.27.0&#8243; _module_preset=&#8221;default&#8221; global_colors_info=&#8221;{}&#8221;][\/et_pb_image][\/et_pb_column][\/et_pb_row][\/et_pb_section]<\/p>\n","protected":false},"excerpt":{"rendered":"<p>IN THE PRESS Bernice ParentDecember 18, 2024 &#8211; Vivre le temps des F\u00eates en pleine conscienceJune 17, 2024 &#8211; La vie en pleine conscience &#8211; la vie nous joue des toursJune 13, 2024 &#8211; La vie en pleine conscience &#8211; ta vie pr\u00e9cieuseApril 23, 2021 &#8211; La retraite en pleine conscienceApril 12, 2017 &#8211; Bernice [&hellip;]<\/p>\n","protected":false},"author":4,"featured_media":0,"parent":0,"menu_order":0,"comment_status":"closed","ping_status":"closed","template":"","meta":{"_et_pb_use_builder":"on","_et_pb_old_content":"","_et_gb_content_width":"","prwc_products":"","prwc_not_all_products_required":false,"prwc_not_bought_page":"","prwc_redirect_not_bought":false,"prwc_not_logged_in_page":"","prwc_redirect_not_logged_in":false,"prwc_timeout_days":0,"prwc_timeout_hours":0,"prwc_timeout_minutes":0,"prwc_timeout_seconds":0,"prwc_timeout_views":0,"footnotes":""},"class_list":["post-1142","page","type-page","status-publish","hentry"],"_links":{"self":[{"href":"https:\/\/laviemindful.com\/en\/wp-json\/wp\/v2\/pages\/1142","targetHints":{"allow":["GET"]}}],"collection":[{"href":"https:\/\/laviemindful.com\/en\/wp-json\/wp\/v2\/pages"}],"about":[{"href":"https:\/\/laviemindful.com\/en\/wp-json\/wp\/v2\/types\/page"}],"author":[{"embeddable":true,"href":"https:\/\/laviemindful.com\/en\/wp-json\/wp\/v2\/users\/4"}],"replies":[{"embeddable":true,"href":"https:\/\/laviemindful.com\/en\/wp-json\/wp\/v2\/comments?post=1142"}],"version-history":[{"count":0,"href":"https:\/\/laviemindful.com\/en\/wp-json\/wp\/v2\/pages\/1142\/revisions"}],"wp:attachment":[{"href":"https:\/\/laviemindful.com\/en\/wp-json\/wp\/v2\/media?parent=1142"}],"curies":[{"name":"wp","href":"https:\/\/api.w.org\/{rel}","templated":true}]}}