{"id":314,"date":"2024-07-13T22:29:53","date_gmt":"2024-07-13T22:29:53","guid":{"rendered":"https:\/\/mindful.burntarrowmedia.com\/index.php\/about-mindfulness\/"},"modified":"2024-10-22T20:01:52","modified_gmt":"2024-10-22T20:01:52","slug":"about-mindfulness","status":"publish","type":"page","link":"https:\/\/laviemindful.com\/en\/about-mindfulness\/","title":{"rendered":"About Mindfulness"},"content":{"rendered":"<p>[et_pb_section fb_built=&#8221;1&#8243; _builder_version=&#8221;4.24.2&#8243; _module_preset=&#8221;default&#8221; background_image=&#8221;https:\/\/laviemindful.com\/wp-content\/uploads\/2024\/07\/Photo9-scaled.jpg&#8221; global_colors_info=&#8221;{}&#8221;][et_pb_row _builder_version=&#8221;4.24.2&#8243; _module_preset=&#8221;default&#8221; custom_padding=&#8221;100px||100px||false|false&#8221; global_colors_info=&#8221;{}&#8221;][et_pb_column type=&#8221;4_4&#8243; _builder_version=&#8221;4.24.2&#8243; _module_preset=&#8221;default&#8221; global_colors_info=&#8221;{}&#8221;][et_pb_text _builder_version=&#8221;4.24.2&#8243; _module_preset=&#8221;default&#8221; global_colors_info=&#8221;{}&#8221;]<\/p>\n<p style=\"text-align: center;\"><span style=\"color: #092f9f;\">EN SAVOIR PLUS<\/span><\/p>\n<p style=\"text-align: center;\"><span style=\"color: #092f9f;\"><\/span><\/p>\n<h1 style=\"text-align: center;\">La Pleine Conscience<\/h1>\n<p>[\/et_pb_text][\/et_pb_column][\/et_pb_row][\/et_pb_section][et_pb_section fb_built=&#8221;1&#8243; _builder_version=&#8221;4.24.2&#8243; _module_preset=&#8221;default&#8221; background_color=&#8221;#FFFFFF&#8221; background_enable_image=&#8221;off&#8221; global_colors_info=&#8221;{}&#8221;][et_pb_row custom_padding_last_edited=&#8221;on|tablet&#8221; _builder_version=&#8221;4.24.2&#8243; _module_preset=&#8221;default&#8221; min_height=&#8221;160.2px&#8221; custom_margin=&#8221;50px|auto||auto||&#8221; custom_margin_tablet=&#8221;50px|auto||auto||&#8221; custom_margin_phone=&#8221;20px|auto||auto|false|false&#8221; custom_margin_last_edited=&#8221;on|phone&#8221; custom_padding=&#8221;|100px||20px|false|false&#8221; custom_padding_tablet=&#8221;|20px|||false|false&#8221; custom_padding_phone=&#8221;|20px||20px|false|false&#8221; global_colors_info=&#8221;{}&#8221;][et_pb_column type=&#8221;4_4&#8243; _builder_version=&#8221;4.24.2&#8243; _module_preset=&#8221;default&#8221; global_colors_info=&#8221;{}&#8221;][et_pb_text _builder_version=&#8221;4.27.0&#8243; _module_preset=&#8221;default&#8221; hover_enabled=&#8221;0&#8243; global_colors_info=&#8221;{}&#8221; sticky_enabled=&#8221;0&#8243;]<\/p>\n<h3 style=\"text-align: center;\"><em>\u00ab La pleine conscience signifie diriger son attention sur le moment pr\u00e9sent, avec intention et sans jugement.\u00a0\u00bb<\/em><\/h3>\n<p class=\"\" style=\"text-align: center;\">Jon Kabat-Zinn<\/p>\n<p>[\/et_pb_text][\/et_pb_column][\/et_pb_row][et_pb_row column_structure=&#8221;1_2,1_2&#8243; _builder_version=&#8221;4.24.2&#8243; _module_preset=&#8221;default&#8221; custom_margin=&#8221;50px|auto||auto||&#8221; custom_margin_tablet=&#8221;50px|auto||auto||&#8221; custom_margin_phone=&#8221;0px|auto||auto|false|false&#8221; custom_margin_last_edited=&#8221;on|phone&#8221; custom_padding=&#8221;50px|||||&#8221; global_colors_info=&#8221;{}&#8221;][et_pb_column type=&#8221;1_2&#8243; _builder_version=&#8221;4.24.2&#8243; _module_preset=&#8221;default&#8221; global_colors_info=&#8221;{}&#8221;][et_pb_image src=&#8221;https:\/\/laviemindful.com\/wp-content\/uploads\/2024\/07\/Jon.png&#8221; title_text=&#8221;Jon&#8221; _builder_version=&#8221;4.24.2&#8243; _module_preset=&#8221;default&#8221; global_colors_info=&#8221;{}&#8221; custom_margin=&#8221;||11px|||&#8221;][\/et_pb_image][et_pb_text _builder_version=&#8221;4.27.0&#8243; _module_preset=&#8221;default&#8221; hover_enabled=&#8221;0&#8243; sticky_enabled=&#8221;0&#8243; text_text_color=&#8221;#73BAB9&#8243;]<\/p>\n<p style=\"text-align: center;\">Bernice Parent et Jon Kabat-Zinn<\/p>\n<p>[\/et_pb_text][\/et_pb_column][et_pb_column type=&#8221;1_2&#8243; _builder_version=&#8221;4.24.2&#8243; _module_preset=&#8221;default&#8221; global_colors_info=&#8221;{}&#8221;][et_pb_text _builder_version=&#8221;4.24.2&#8243; _module_preset=&#8221;default&#8221; global_colors_info=&#8221;{}&#8221;]<\/p>\n<h3>Qu\u2019est-ce que la pleine conscience?<\/h3>\n<p class=\"\">Cultiver les ressources int\u00e9rieures qui peuvent nous aider \u00e0 mieux g\u00e9rer le stress, la douleur, ou la maladie dans notre vie quotidienne. Vivre au moment pr\u00e9sent, avec intention et d\u00e9velopper notre attention et notre concentration. La pleine conscience nous apprend \u00e0 mieux r\u00e9pondre aux d\u00e9fis que nous vivons au quotidien et \u00e0 \u00eatre plus pr\u00e9sent \u00e0 ce que l\u2019on fait.\u00a0<\/p>\n<h3>Qu\u2019est-ce que le programme de r\u00e9duction du stress par la pleine conscience?<\/h3>\n<p class=\"\">Le Programme de r\u00e9duction du stress par la pleine conscience nous enseigne comment \u00eatre plus conscients des facteurs qui influencent notre bien-\u00eatre, et comment trouver la tranquillit\u00e9 d\u2019esprit et un \u00e9quilibre dans notre vie. La paix et l\u2019\u00e9quilibre que nous d\u00e9couvrons \u00e0 l\u2019aide de ce programme nous permettent de mieux g\u00e9rer le stress et les exigences de la vie quotidienne gr\u00e2ce aux pratiques de pleine conscience. La pleine conscience permet d\u2019enrichir notre vie, d\u2019apaiser notre esprit et d\u2019am\u00e9liorer notre sant\u00e9.<\/p>\n<h3>Qui a \u00e9labor\u00e9 le programme de pleine conscience?<\/h3>\n<p class=\"\">Le programme a \u00e9t\u00e9 \u00e9labor\u00e9 par le docteur Jon Kabat-Zinn, practicien et auteur au Center for Mindfulness \u00e0 l\u2019University of Massachusetts Medical Center, et il est bas\u00e9 sur ses enseignements.<\/p>\n<p>[\/et_pb_text][\/et_pb_column][\/et_pb_row][\/et_pb_section][et_pb_section fb_built=&#8221;1&#8243; _builder_version=&#8221;4.24.2&#8243; _module_preset=&#8221;default&#8221; background_color=&#8221;#E6EBEC&#8221; global_colors_info=&#8221;{}&#8221;][et_pb_row column_structure=&#8221;1_3,1_3,1_3&#8243; _builder_version=&#8221;4.24.2&#8243; _module_preset=&#8221;default&#8221; global_colors_info=&#8221;{}&#8221;][et_pb_column type=&#8221;1_3&#8243; _builder_version=&#8221;4.24.2&#8243; _module_preset=&#8221;default&#8221; global_colors_info=&#8221;{}&#8221;][\/et_pb_column][et_pb_column type=&#8221;1_3&#8243; _builder_version=&#8221;4.24.2&#8243; _module_preset=&#8221;default&#8221; global_colors_info=&#8221;{}&#8221;][et_pb_image src=&#8221;https:\/\/laviemindful.com\/wp-content\/uploads\/2024\/07\/Untitleddesign28129.png&#8221; title_text=&#8221;Untitled+design+1&#8243; align_tablet=&#8221;center&#8221; align_phone=&#8221;center&#8221; align_last_edited=&#8221;on|tablet&#8221; _builder_version=&#8221;4.24.2&#8243; _module_preset=&#8221;default&#8221; global_colors_info=&#8221;{}&#8221;][\/et_pb_image][\/et_pb_column][et_pb_column type=&#8221;1_3&#8243; _builder_version=&#8221;4.24.2&#8243; _module_preset=&#8221;default&#8221; global_colors_info=&#8221;{}&#8221;][\/et_pb_column][\/et_pb_row][et_pb_row _builder_version=&#8221;4.24.2&#8243; _module_preset=&#8221;default&#8221; global_colors_info=&#8221;{}&#8221;][et_pb_column type=&#8221;4_4&#8243; _builder_version=&#8221;4.24.2&#8243; _module_preset=&#8221;default&#8221; global_colors_info=&#8221;{}&#8221;][et_pb_text _builder_version=&#8221;4.24.2&#8243; _module_preset=&#8221;default&#8221; global_colors_info=&#8221;{}&#8221;]<\/p>\n<h2 style=\"text-align: center;\">Pleine Conscience<\/h2>\n<p class=\"\" style=\"text-align: center;\"><em>La pleine conscience, c\u2019est la mani\u00e8re dont tu choisis de vivre ta vie.<\/em><\/p>\n<p class=\"\" style=\"text-align: center;\"><em>Appr\u00e9cier chaque moment et \u00eatre pr\u00e9sent \u00e0 ce qui se d\u00e9roule devant toi.<\/em><\/p>\n<p class=\"\" style=\"text-align: center;\"><em>Donner plus d\u2019attention \u00e0 ce qui est<\/em><\/p>\n<p class=\"\" style=\"text-align: center;\"><em>Rire en douceur de tes pens\u00e9es et de tes ruminations envahissantes<\/em><\/p>\n<p class=\"\" style=\"text-align: center;\"><em>Chanter lorsque tu vis ta vie en harmonie<\/em><\/p>\n<p class=\"\" style=\"text-align: center;\"><em>\u00catre avec toi-m\u00eame, \u00e0 l\u2019instant pr\u00e9sent<\/em><\/p>\n<p class=\"\" style=\"text-align: center;\"><em>Comprendre que ce que tu r\u00e9sistes, durera<\/em><\/p>\n<p class=\"\" style=\"text-align: center;\"><em>Prendre le temps d\u2019offrir la compassion \u00e0 toi-m\u00eame et aux autres<\/em><\/p>\n<p class=\"\" style=\"text-align: center;\"><em>Accueillir l\u2019impermanence et ce que la vie peut t\u2019offrir<\/em><\/p>\n<p class=\"\" style=\"text-align: center;\"><em>Oublier ce que les autres pensent de toi<\/em><\/p>\n<p class=\"\" style=\"text-align: center;\"><em>Devenir la personne que tu \u00e9tais destin\u00e9e \u00e0 \u00eatre\u00a0<\/em><\/p>\n<p class=\"\" style=\"text-align: center;\"><em>Observer, et t\u2019engager \u00e0 cette vie pr\u00e9cieuse, qui est la tienne<\/em><\/p>\n<p class=\"\" style=\"text-align: center;\"><em>Et reconna\u00eetre que la sagesse r\u00e9side \u00e0 l\u2019int\u00e9rieur de toi<\/em><\/p>\n<p class=\"\" style=\"text-align: center;\"><strong>&#8211; bp<\/strong><\/p>\n<p>[\/et_pb_text][\/et_pb_column][\/et_pb_row][et_pb_row column_structure=&#8221;1_3,1_3,1_3&#8243; _builder_version=&#8221;4.24.2&#8243; _module_preset=&#8221;default&#8221; global_colors_info=&#8221;{}&#8221;][et_pb_column type=&#8221;1_3&#8243; _builder_version=&#8221;4.24.2&#8243; _module_preset=&#8221;default&#8221; global_colors_info=&#8221;{}&#8221;][\/et_pb_column][et_pb_column type=&#8221;1_3&#8243; _builder_version=&#8221;4.24.2&#8243; _module_preset=&#8221;default&#8221; global_colors_info=&#8221;{}&#8221;][et_pb_button button_url=&#8221;@ET-DC@eyJkeW5hbWljIjp0cnVlLCJjb250ZW50IjoicG9zdF9saW5rX3VybF9wYWdlIiwic2V0dGluZ3MiOnsicG9zdF9pZCI6Ijk0IiwiZW5hYmxlX2h0bWwiOiJvZmYifX0=@&#8221; url_new_window=&#8221;on&#8221; button_text=&#8221;Lire mon blogue&#8221; _builder_version=&#8221;4.24.2&#8243; _dynamic_attributes=&#8221;button_url&#8221; _module_preset=&#8221;default&#8221; button_border_color=&#8221;RGBA(255,255,255,0)&#8221; button_border_radius=&#8221;3px&#8221; button_font=&#8221;|||on|||||&#8221; custom_padding=&#8221;3px|||||&#8221; global_colors_info=&#8221;{}&#8221;][\/et_pb_button][\/et_pb_column][et_pb_column type=&#8221;1_3&#8243; _builder_version=&#8221;4.24.2&#8243; _module_preset=&#8221;default&#8221; global_colors_info=&#8221;{}&#8221;][\/et_pb_column][\/et_pb_row][\/et_pb_section]<\/p>\n","protected":false},"excerpt":{"rendered":"<p>EN SAVOIR PLUS La Pleine Conscience\u00ab La pleine conscience signifie diriger son attention sur le moment pr\u00e9sent, avec intention et sans jugement.\u00a0\u00bb Jon Kabat-ZinnBernice Parent et Jon Kabat-ZinnQu\u2019est-ce que la pleine conscience? Cultiver les ressources int\u00e9rieures qui peuvent nous aider \u00e0 mieux g\u00e9rer le stress, la douleur, ou la maladie dans notre vie quotidienne. Vivre [&hellip;]<\/p>\n","protected":false},"author":4,"featured_media":0,"parent":0,"menu_order":0,"comment_status":"closed","ping_status":"closed","template":"","meta":{"_et_pb_use_builder":"on","_et_pb_old_content":"","_et_gb_content_width":"","prwc_products":"","prwc_not_all_products_required":false,"prwc_not_bought_page":"","prwc_redirect_not_bought":false,"prwc_not_logged_in_page":"","prwc_redirect_not_logged_in":false,"prwc_timeout_days":0,"prwc_timeout_hours":0,"prwc_timeout_minutes":0,"prwc_timeout_seconds":0,"prwc_timeout_views":0,"footnotes":""},"class_list":["post-314","page","type-page","status-publish","hentry"],"_links":{"self":[{"href":"https:\/\/laviemindful.com\/en\/wp-json\/wp\/v2\/pages\/314","targetHints":{"allow":["GET"]}}],"collection":[{"href":"https:\/\/laviemindful.com\/en\/wp-json\/wp\/v2\/pages"}],"about":[{"href":"https:\/\/laviemindful.com\/en\/wp-json\/wp\/v2\/types\/page"}],"author":[{"embeddable":true,"href":"https:\/\/laviemindful.com\/en\/wp-json\/wp\/v2\/users\/4"}],"replies":[{"embeddable":true,"href":"https:\/\/laviemindful.com\/en\/wp-json\/wp\/v2\/comments?post=314"}],"version-history":[{"count":0,"href":"https:\/\/laviemindful.com\/en\/wp-json\/wp\/v2\/pages\/314\/revisions"}],"wp:attachment":[{"href":"https:\/\/laviemindful.com\/en\/wp-json\/wp\/v2\/media?parent=314"}],"curies":[{"name":"wp","href":"https:\/\/api.w.org\/{rel}","templated":true}]}}